{"id":274,"date":"2023-09-25T13:40:52","date_gmt":"2023-09-25T13:40:52","guid":{"rendered":"https:\/\/benuts.be\/homepage\/"},"modified":"2026-01-27T16:42:26","modified_gmt":"2026-01-27T16:42:26","slug":"accueil","status":"publish","type":"page","link":"https:\/\/benuts.be\/fr\/accueil\/","title":{"rendered":"Homepage"},"content":{"rendered":"\r\n<p>Home<\/p>\r\n","protected":false},"excerpt":{"rendered":"<p>Home<\/p>\n","protected":false},"author":2,"featured_media":0,"parent":0,"menu_order":0,"comment_status":"closed","ping_status":"closed","template":"","meta":{"inline_featured_image":false,"footnotes":""},"class_list":["post-274","page","type-page","status-publish","hentry"],"acf":[],"yoast_head":"<!-- This site is optimized with the Yoast SEO plugin v20.13 - https:\/\/yoast.com\/wordpress\/plugins\/seo\/ -->\n<title>Homepage - benuts<\/title>\n<meta name=\"description\" content=\"WE ARE VISUAL EFFECTS - benuts est un studio cr\u00e9atif sp\u00e9cialis\u00e9 en effets visuels, motion design et real-time.\" \/>\n<meta name=\"robots\" content=\"index, follow, max-snippet:-1, max-image-preview:large, max-video-preview:-1\" \/>\n<link rel=\"canonical\" href=\"https:\/\/benuts.be\/fr\/accueil\/\" \/>\n<meta property=\"og:locale\" content=\"fr_FR\" \/>\n<meta property=\"og:type\" content=\"article\" \/>\n<meta property=\"og:title\" content=\"Homepage - benuts\" \/>\n<meta property=\"og:description\" content=\"WE ARE VISUAL EFFECTS - benuts est un studio cr\u00e9atif sp\u00e9cialis\u00e9 en effets visuels, motion design et real-time.\" \/>\n<meta property=\"og:url\" content=\"https:\/\/benuts.be\/fr\/accueil\/\" \/>\n<meta property=\"og:site_name\" content=\"benuts\" \/>\n<meta property=\"article:publisher\" content=\"https:\/\/www.facebook.com\/benutsvfx\" \/>\n<meta property=\"article:modified_time\" content=\"2026-01-27T16:42:26+00:00\" \/>\n<meta property=\"og:image\" content=\"https:\/\/benuts.be\/app\/uploads\/2025\/08\/capture-decran-2025-08-13-a-10.33.22.jpg\" \/>\n\t<meta property=\"og:image:width\" content=\"1430\" \/>\n\t<meta property=\"og:image:height\" content=\"804\" \/>\n\t<meta property=\"og:image:type\" content=\"image\/jpeg\" \/>\n<meta name=\"twitter:card\" content=\"summary_large_image\" \/>\n<meta name=\"twitter:image\" content=\"https:\/\/benuts.be\/app\/uploads\/2025\/08\/capture-decran-2025-08-13-a-10.33.22.jpg\" \/>\n<meta name=\"twitter:label1\" content=\"Est. reading time\" \/>\n\t<meta name=\"twitter:data1\" content=\"1 minute\" \/>\n<script type=\"application\/ld+json\" class=\"yoast-schema-graph\">{\"@context\":\"https:\/\/schema.org\",\"@graph\":[{\"@type\":\"WebPage\",\"@id\":\"https:\/\/benuts.be\/fr\/accueil\/\",\"url\":\"https:\/\/benuts.be\/fr\/accueil\/\",\"name\":\"Homepage - benuts\",\"isPartOf\":{\"@id\":\"https:\/\/benuts.be\/fr\/#website\"},\"datePublished\":\"2023-09-25T13:40:52+00:00\",\"dateModified\":\"2026-01-27T16:42:26+00:00\",\"description\":\"WE ARE VISUAL EFFECTS - benuts est un studio cr\u00e9atif sp\u00e9cialis\u00e9 en effets visuels, motion design et real-time.\",\"breadcrumb\":{\"@id\":\"https:\/\/benuts.be\/fr\/accueil\/#breadcrumb\"},\"inLanguage\":\"fr-FR\",\"potentialAction\":[{\"@type\":\"ReadAction\",\"target\":[\"https:\/\/benuts.be\/fr\/accueil\/\"]}]},{\"@type\":\"BreadcrumbList\",\"@id\":\"https:\/\/benuts.be\/fr\/accueil\/#breadcrumb\",\"itemListElement\":[{\"@type\":\"ListItem\",\"position\":1,\"name\":\"Home\",\"item\":\"https:\/\/benuts.be\/fr\/\"},{\"@type\":\"ListItem\",\"position\":2,\"name\":\"Homepage\"}]},{\"@type\":\"WebSite\",\"@id\":\"https:\/\/benuts.be\/fr\/#website\",\"url\":\"https:\/\/benuts.be\/fr\/\",\"name\":\"benuts\",\"description\":\"we are visual effects\",\"publisher\":{\"@id\":\"https:\/\/benuts.be\/fr\/#organization\"},\"potentialAction\":[{\"@type\":\"SearchAction\",\"target\":{\"@type\":\"EntryPoint\",\"urlTemplate\":\"https:\/\/benuts.be\/fr\/?s={search_term_string}\"},\"query-input\":\"required name=search_term_string\"}],\"inLanguage\":\"fr-FR\"},{\"@type\":\"Organization\",\"@id\":\"https:\/\/benuts.be\/fr\/#organization\",\"name\":\"benuts\",\"url\":\"https:\/\/benuts.be\/fr\/\",\"logo\":{\"@type\":\"ImageObject\",\"inLanguage\":\"fr-FR\",\"@id\":\"https:\/\/benuts.be\/fr\/#\/schema\/logo\/image\/\",\"url\":\"https:\/\/benuts.be\/app\/uploads\/2024\/05\/2020-logo-benuts-vertical-noir.png\",\"contentUrl\":\"https:\/\/benuts.be\/app\/uploads\/2024\/05\/2020-logo-benuts-vertical-noir.png\",\"width\":250,\"height\":304,\"caption\":\"benuts\"},\"image\":{\"@id\":\"https:\/\/benuts.be\/fr\/#\/schema\/logo\/image\/\"},\"sameAs\":[\"https:\/\/www.facebook.com\/benutsvfx\",\"https:\/\/www.instagram.com\/benutsvfx\/\",\"https:\/\/www.linkedin.com\/company\/1887783\",\"https:\/\/vimeo.com\/benuts\"]}]}<\/script>\n<!-- \/ Yoast SEO plugin. -->","yoast_head_json":{"title":"Homepage - benuts","description":"WE ARE VISUAL EFFECTS - benuts est un studio cr\u00e9atif sp\u00e9cialis\u00e9 en effets visuels, motion design et real-time.","robots":{"index":"index","follow":"follow","max-snippet":"max-snippet:-1","max-image-preview":"max-image-preview:large","max-video-preview":"max-video-preview:-1"},"canonical":"https:\/\/benuts.be\/fr\/accueil\/","og_locale":"fr_FR","og_type":"article","og_title":"Homepage - benuts","og_description":"WE ARE VISUAL EFFECTS - benuts est un studio cr\u00e9atif sp\u00e9cialis\u00e9 en effets visuels, motion design et real-time.","og_url":"https:\/\/benuts.be\/fr\/accueil\/","og_site_name":"benuts","article_publisher":"https:\/\/www.facebook.com\/benutsvfx","article_modified_time":"2026-01-27T16:42:26+00:00","og_image":[{"width":1430,"height":804,"url":"https:\/\/benuts.be\/app\/uploads\/2025\/08\/capture-decran-2025-08-13-a-10.33.22.jpg","type":"image\/jpeg"}],"twitter_card":"summary_large_image","twitter_image":"https:\/\/benuts.be\/app\/uploads\/2025\/08\/capture-decran-2025-08-13-a-10.33.22.jpg","twitter_misc":{"Est. reading time":"1 minute"},"schema":{"@context":"https:\/\/schema.org","@graph":[{"@type":"WebPage","@id":"https:\/\/benuts.be\/fr\/accueil\/","url":"https:\/\/benuts.be\/fr\/accueil\/","name":"Homepage - benuts","isPartOf":{"@id":"https:\/\/benuts.be\/fr\/#website"},"datePublished":"2023-09-25T13:40:52+00:00","dateModified":"2026-01-27T16:42:26+00:00","description":"WE ARE VISUAL EFFECTS - benuts est un studio cr\u00e9atif sp\u00e9cialis\u00e9 en effets visuels, motion design et real-time.","breadcrumb":{"@id":"https:\/\/benuts.be\/fr\/accueil\/#breadcrumb"},"inLanguage":"fr-FR","potentialAction":[{"@type":"ReadAction","target":["https:\/\/benuts.be\/fr\/accueil\/"]}]},{"@type":"BreadcrumbList","@id":"https:\/\/benuts.be\/fr\/accueil\/#breadcrumb","itemListElement":[{"@type":"ListItem","position":1,"name":"Home","item":"https:\/\/benuts.be\/fr\/"},{"@type":"ListItem","position":2,"name":"Homepage"}]},{"@type":"WebSite","@id":"https:\/\/benuts.be\/fr\/#website","url":"https:\/\/benuts.be\/fr\/","name":"benuts","description":"we are visual effects","publisher":{"@id":"https:\/\/benuts.be\/fr\/#organization"},"potentialAction":[{"@type":"SearchAction","target":{"@type":"EntryPoint","urlTemplate":"https:\/\/benuts.be\/fr\/?s={search_term_string}"},"query-input":"required name=search_term_string"}],"inLanguage":"fr-FR"},{"@type":"Organization","@id":"https:\/\/benuts.be\/fr\/#organization","name":"benuts","url":"https:\/\/benuts.be\/fr\/","logo":{"@type":"ImageObject","inLanguage":"fr-FR","@id":"https:\/\/benuts.be\/fr\/#\/schema\/logo\/image\/","url":"https:\/\/benuts.be\/app\/uploads\/2024\/05\/2020-logo-benuts-vertical-noir.png","contentUrl":"https:\/\/benuts.be\/app\/uploads\/2024\/05\/2020-logo-benuts-vertical-noir.png","width":250,"height":304,"caption":"benuts"},"image":{"@id":"https:\/\/benuts.be\/fr\/#\/schema\/logo\/image\/"},"sameAs":["https:\/\/www.facebook.com\/benutsvfx","https:\/\/www.instagram.com\/benutsvfx\/","https:\/\/www.linkedin.com\/company\/1887783","https:\/\/vimeo.com\/benuts"]}]}},"_links":{"self":[{"href":"https:\/\/benuts.be\/fr\/wp-json\/wp\/v2\/pages\/274","targetHints":{"allow":["GET"]}}],"collection":[{"href":"https:\/\/benuts.be\/fr\/wp-json\/wp\/v2\/pages"}],"about":[{"href":"https:\/\/benuts.be\/fr\/wp-json\/wp\/v2\/types\/page"}],"author":[{"embeddable":true,"href":"https:\/\/benuts.be\/fr\/wp-json\/wp\/v2\/users\/2"}],"replies":[{"embeddable":true,"href":"https:\/\/benuts.be\/fr\/wp-json\/wp\/v2\/comments?post=274"}],"version-history":[{"count":84,"href":"https:\/\/benuts.be\/fr\/wp-json\/wp\/v2\/pages\/274\/revisions"}],"predecessor-version":[{"id":5739,"href":"https:\/\/benuts.be\/fr\/wp-json\/wp\/v2\/pages\/274\/revisions\/5739"}],"wp:attachment":[{"href":"https:\/\/benuts.be\/fr\/wp-json\/wp\/v2\/media?parent=274"}],"curies":[{"name":"wp","href":"https:\/\/api.w.org\/{rel}","templated":true}]}}