{"id":2921,"date":"2023-07-25T13:35:20","date_gmt":"2023-07-25T13:35:20","guid":{"rendered":"https:\/\/benuts.be\/jobs\/"},"modified":"2026-02-12T10:10:03","modified_gmt":"2026-02-12T10:10:03","slug":"jobs","status":"publish","type":"page","link":"https:\/\/benuts.be\/fr\/jobs\/","title":{"rendered":"Jobs"},"content":{"rendered":"","protected":false},"excerpt":{"rendered":"","protected":false},"author":2,"featured_media":0,"parent":0,"menu_order":0,"comment_status":"closed","ping_status":"closed","template":"","meta":{"inline_featured_image":false,"footnotes":""},"class_list":["post-2921","page","type-page","status-publish","hentry"],"acf":[],"yoast_head":"<!-- This site is optimized with the Yoast SEO plugin v20.13 - https:\/\/yoast.com\/wordpress\/plugins\/seo\/ -->\n<title>Jobs - benuts<\/title>\n<meta name=\"description\" content=\"Wanna be nuts? Rejoins notre studio VFX et joue un r\u00f4le cl\u00e9 dans la cr\u00e9ation d&#039;univers visuels.\" \/>\n<meta name=\"robots\" content=\"index, follow, max-snippet:-1, max-image-preview:large, max-video-preview:-1\" \/>\n<link rel=\"canonical\" href=\"https:\/\/benuts.be\/fr\/jobs\/\" \/>\n<meta property=\"og:locale\" content=\"fr_FR\" \/>\n<meta property=\"og:type\" content=\"article\" \/>\n<meta property=\"og:title\" content=\"Jobs - benuts\" \/>\n<meta property=\"og:description\" content=\"Wanna be nuts? Rejoins notre studio VFX et joue un r\u00f4le cl\u00e9 dans la cr\u00e9ation d&#039;univers visuels.\" \/>\n<meta property=\"og:url\" content=\"https:\/\/benuts.be\/fr\/jobs\/\" \/>\n<meta property=\"og:site_name\" content=\"benuts\" \/>\n<meta property=\"article:publisher\" content=\"https:\/\/www.facebook.com\/benutsvfx\" \/>\n<meta property=\"article:modified_time\" content=\"2026-02-12T10:10:03+00:00\" \/>\n<meta name=\"twitter:card\" content=\"summary_large_image\" \/>\n<script type=\"application\/ld+json\" class=\"yoast-schema-graph\">{\"@context\":\"https:\/\/schema.org\",\"@graph\":[{\"@type\":\"WebPage\",\"@id\":\"https:\/\/benuts.be\/fr\/jobs\/\",\"url\":\"https:\/\/benuts.be\/fr\/jobs\/\",\"name\":\"Jobs - benuts\",\"isPartOf\":{\"@id\":\"https:\/\/benuts.be\/fr\/#website\"},\"datePublished\":\"2023-07-25T13:35:20+00:00\",\"dateModified\":\"2026-02-12T10:10:03+00:00\",\"description\":\"Wanna be nuts? Rejoins notre studio VFX et joue un r\u00f4le cl\u00e9 dans la cr\u00e9ation d'univers visuels.\",\"breadcrumb\":{\"@id\":\"https:\/\/benuts.be\/fr\/jobs\/#breadcrumb\"},\"inLanguage\":\"fr-FR\",\"potentialAction\":[{\"@type\":\"ReadAction\",\"target\":[\"https:\/\/benuts.be\/fr\/jobs\/\"]}]},{\"@type\":\"BreadcrumbList\",\"@id\":\"https:\/\/benuts.be\/fr\/jobs\/#breadcrumb\",\"itemListElement\":[{\"@type\":\"ListItem\",\"position\":1,\"name\":\"Home\",\"item\":\"https:\/\/benuts.be\/fr\/\"},{\"@type\":\"ListItem\",\"position\":2,\"name\":\"Jobs\"}]},{\"@type\":\"WebSite\",\"@id\":\"https:\/\/benuts.be\/fr\/#website\",\"url\":\"https:\/\/benuts.be\/fr\/\",\"name\":\"benuts\",\"description\":\"we are visual effects\",\"publisher\":{\"@id\":\"https:\/\/benuts.be\/fr\/#organization\"},\"potentialAction\":[{\"@type\":\"SearchAction\",\"target\":{\"@type\":\"EntryPoint\",\"urlTemplate\":\"https:\/\/benuts.be\/fr\/?s={search_term_string}\"},\"query-input\":\"required name=search_term_string\"}],\"inLanguage\":\"fr-FR\"},{\"@type\":\"Organization\",\"@id\":\"https:\/\/benuts.be\/fr\/#organization\",\"name\":\"benuts\",\"url\":\"https:\/\/benuts.be\/fr\/\",\"logo\":{\"@type\":\"ImageObject\",\"inLanguage\":\"fr-FR\",\"@id\":\"https:\/\/benuts.be\/fr\/#\/schema\/logo\/image\/\",\"url\":\"https:\/\/benuts.be\/app\/uploads\/2024\/05\/2020-logo-benuts-vertical-noir.png\",\"contentUrl\":\"https:\/\/benuts.be\/app\/uploads\/2024\/05\/2020-logo-benuts-vertical-noir.png\",\"width\":250,\"height\":304,\"caption\":\"benuts\"},\"image\":{\"@id\":\"https:\/\/benuts.be\/fr\/#\/schema\/logo\/image\/\"},\"sameAs\":[\"https:\/\/www.facebook.com\/benutsvfx\",\"https:\/\/www.instagram.com\/benutsvfx\/\",\"https:\/\/www.linkedin.com\/company\/1887783\",\"https:\/\/vimeo.com\/benuts\"]}]}<\/script>\n<!-- \/ Yoast SEO plugin. -->","yoast_head_json":{"title":"Jobs - benuts","description":"Wanna be nuts? Rejoins notre studio VFX et joue un r\u00f4le cl\u00e9 dans la cr\u00e9ation d'univers visuels.","robots":{"index":"index","follow":"follow","max-snippet":"max-snippet:-1","max-image-preview":"max-image-preview:large","max-video-preview":"max-video-preview:-1"},"canonical":"https:\/\/benuts.be\/fr\/jobs\/","og_locale":"fr_FR","og_type":"article","og_title":"Jobs - benuts","og_description":"Wanna be nuts? Rejoins notre studio VFX et joue un r\u00f4le cl\u00e9 dans la cr\u00e9ation d'univers visuels.","og_url":"https:\/\/benuts.be\/fr\/jobs\/","og_site_name":"benuts","article_publisher":"https:\/\/www.facebook.com\/benutsvfx","article_modified_time":"2026-02-12T10:10:03+00:00","twitter_card":"summary_large_image","schema":{"@context":"https:\/\/schema.org","@graph":[{"@type":"WebPage","@id":"https:\/\/benuts.be\/fr\/jobs\/","url":"https:\/\/benuts.be\/fr\/jobs\/","name":"Jobs - benuts","isPartOf":{"@id":"https:\/\/benuts.be\/fr\/#website"},"datePublished":"2023-07-25T13:35:20+00:00","dateModified":"2026-02-12T10:10:03+00:00","description":"Wanna be nuts? Rejoins notre studio VFX et joue un r\u00f4le cl\u00e9 dans la cr\u00e9ation d'univers visuels.","breadcrumb":{"@id":"https:\/\/benuts.be\/fr\/jobs\/#breadcrumb"},"inLanguage":"fr-FR","potentialAction":[{"@type":"ReadAction","target":["https:\/\/benuts.be\/fr\/jobs\/"]}]},{"@type":"BreadcrumbList","@id":"https:\/\/benuts.be\/fr\/jobs\/#breadcrumb","itemListElement":[{"@type":"ListItem","position":1,"name":"Home","item":"https:\/\/benuts.be\/fr\/"},{"@type":"ListItem","position":2,"name":"Jobs"}]},{"@type":"WebSite","@id":"https:\/\/benuts.be\/fr\/#website","url":"https:\/\/benuts.be\/fr\/","name":"benuts","description":"we are visual effects","publisher":{"@id":"https:\/\/benuts.be\/fr\/#organization"},"potentialAction":[{"@type":"SearchAction","target":{"@type":"EntryPoint","urlTemplate":"https:\/\/benuts.be\/fr\/?s={search_term_string}"},"query-input":"required name=search_term_string"}],"inLanguage":"fr-FR"},{"@type":"Organization","@id":"https:\/\/benuts.be\/fr\/#organization","name":"benuts","url":"https:\/\/benuts.be\/fr\/","logo":{"@type":"ImageObject","inLanguage":"fr-FR","@id":"https:\/\/benuts.be\/fr\/#\/schema\/logo\/image\/","url":"https:\/\/benuts.be\/app\/uploads\/2024\/05\/2020-logo-benuts-vertical-noir.png","contentUrl":"https:\/\/benuts.be\/app\/uploads\/2024\/05\/2020-logo-benuts-vertical-noir.png","width":250,"height":304,"caption":"benuts"},"image":{"@id":"https:\/\/benuts.be\/fr\/#\/schema\/logo\/image\/"},"sameAs":["https:\/\/www.facebook.com\/benutsvfx","https:\/\/www.instagram.com\/benutsvfx\/","https:\/\/www.linkedin.com\/company\/1887783","https:\/\/vimeo.com\/benuts"]}]}},"_links":{"self":[{"href":"https:\/\/benuts.be\/fr\/wp-json\/wp\/v2\/pages\/2921","targetHints":{"allow":["GET"]}}],"collection":[{"href":"https:\/\/benuts.be\/fr\/wp-json\/wp\/v2\/pages"}],"about":[{"href":"https:\/\/benuts.be\/fr\/wp-json\/wp\/v2\/types\/page"}],"author":[{"embeddable":true,"href":"https:\/\/benuts.be\/fr\/wp-json\/wp\/v2\/users\/2"}],"replies":[{"embeddable":true,"href":"https:\/\/benuts.be\/fr\/wp-json\/wp\/v2\/comments?post=2921"}],"version-history":[{"count":35,"href":"https:\/\/benuts.be\/fr\/wp-json\/wp\/v2\/pages\/2921\/revisions"}],"predecessor-version":[{"id":5743,"href":"https:\/\/benuts.be\/fr\/wp-json\/wp\/v2\/pages\/2921\/revisions\/5743"}],"wp:attachment":[{"href":"https:\/\/benuts.be\/fr\/wp-json\/wp\/v2\/media?parent=2921"}],"curies":[{"name":"wp","href":"https:\/\/api.w.org\/{rel}","templated":true}]}}