{"id":2933,"date":"2023-07-25T13:26:57","date_gmt":"2023-07-25T13:26:57","guid":{"rendered":"https:\/\/benuts.be\/studio\/"},"modified":"2026-03-02T14:43:03","modified_gmt":"2026-03-02T14:43:03","slug":"studio","status":"publish","type":"page","link":"https:\/\/benuts.be\/fr\/studio\/","title":{"rendered":"Studio"},"content":{"rendered":"","protected":false},"excerpt":{"rendered":"","protected":false},"author":2,"featured_media":0,"parent":0,"menu_order":0,"comment_status":"closed","ping_status":"closed","template":"","meta":{"inline_featured_image":false,"footnotes":""},"class_list":["post-2933","page","type-page","status-publish","hentry"],"acf":[],"yoast_head":"<!-- This site is optimized with the Yoast SEO plugin v20.13 - https:\/\/yoast.com\/wordpress\/plugins\/seo\/ -->\n<title>Studio - benuts<\/title>\n<meta name=\"description\" content=\"Bienvenue chez benuts : soutenir nos artistes \u00e0 d\u00e9velopper leur capacit\u00e9 dans un environnement cr\u00e9atif, pour donner vie \u00e0 chaque projet.\" \/>\n<meta name=\"robots\" content=\"index, follow, max-snippet:-1, max-image-preview:large, max-video-preview:-1\" \/>\n<link rel=\"canonical\" href=\"https:\/\/benuts.be\/fr\/studio\/\" \/>\n<meta property=\"og:locale\" content=\"fr_FR\" \/>\n<meta property=\"og:type\" content=\"article\" \/>\n<meta property=\"og:title\" content=\"Studio - benuts\" \/>\n<meta property=\"og:description\" content=\"Bienvenue chez benuts : soutenir nos artistes \u00e0 d\u00e9velopper leur capacit\u00e9 dans un environnement cr\u00e9atif, pour donner vie \u00e0 chaque projet.\" \/>\n<meta property=\"og:url\" content=\"https:\/\/benuts.be\/fr\/studio\/\" \/>\n<meta property=\"og:site_name\" content=\"benuts\" \/>\n<meta property=\"article:publisher\" content=\"https:\/\/www.facebook.com\/benutsvfx\" \/>\n<meta property=\"article:modified_time\" content=\"2026-03-02T14:43:03+00:00\" \/>\n<meta name=\"twitter:card\" content=\"summary_large_image\" \/>\n<script type=\"application\/ld+json\" class=\"yoast-schema-graph\">{\"@context\":\"https:\/\/schema.org\",\"@graph\":[{\"@type\":\"WebPage\",\"@id\":\"https:\/\/benuts.be\/fr\/studio\/\",\"url\":\"https:\/\/benuts.be\/fr\/studio\/\",\"name\":\"Studio - benuts\",\"isPartOf\":{\"@id\":\"https:\/\/benuts.be\/fr\/#website\"},\"datePublished\":\"2023-07-25T13:26:57+00:00\",\"dateModified\":\"2026-03-02T14:43:03+00:00\",\"description\":\"Bienvenue chez benuts : soutenir nos artistes \u00e0 d\u00e9velopper leur capacit\u00e9 dans un environnement cr\u00e9atif, pour donner vie \u00e0 chaque projet.\",\"breadcrumb\":{\"@id\":\"https:\/\/benuts.be\/fr\/studio\/#breadcrumb\"},\"inLanguage\":\"fr-FR\",\"potentialAction\":[{\"@type\":\"ReadAction\",\"target\":[\"https:\/\/benuts.be\/fr\/studio\/\"]}]},{\"@type\":\"BreadcrumbList\",\"@id\":\"https:\/\/benuts.be\/fr\/studio\/#breadcrumb\",\"itemListElement\":[{\"@type\":\"ListItem\",\"position\":1,\"name\":\"Home\",\"item\":\"https:\/\/benuts.be\/fr\/\"},{\"@type\":\"ListItem\",\"position\":2,\"name\":\"Studio\"}]},{\"@type\":\"WebSite\",\"@id\":\"https:\/\/benuts.be\/fr\/#website\",\"url\":\"https:\/\/benuts.be\/fr\/\",\"name\":\"benuts\",\"description\":\"we are visual effects\",\"publisher\":{\"@id\":\"https:\/\/benuts.be\/fr\/#organization\"},\"potentialAction\":[{\"@type\":\"SearchAction\",\"target\":{\"@type\":\"EntryPoint\",\"urlTemplate\":\"https:\/\/benuts.be\/fr\/?s={search_term_string}\"},\"query-input\":\"required name=search_term_string\"}],\"inLanguage\":\"fr-FR\"},{\"@type\":\"Organization\",\"@id\":\"https:\/\/benuts.be\/fr\/#organization\",\"name\":\"benuts\",\"url\":\"https:\/\/benuts.be\/fr\/\",\"logo\":{\"@type\":\"ImageObject\",\"inLanguage\":\"fr-FR\",\"@id\":\"https:\/\/benuts.be\/fr\/#\/schema\/logo\/image\/\",\"url\":\"https:\/\/benuts.be\/app\/uploads\/2024\/05\/2020-logo-benuts-vertical-noir.png\",\"contentUrl\":\"https:\/\/benuts.be\/app\/uploads\/2024\/05\/2020-logo-benuts-vertical-noir.png\",\"width\":250,\"height\":304,\"caption\":\"benuts\"},\"image\":{\"@id\":\"https:\/\/benuts.be\/fr\/#\/schema\/logo\/image\/\"},\"sameAs\":[\"https:\/\/www.facebook.com\/benutsvfx\",\"https:\/\/www.instagram.com\/benutsvfx\/\",\"https:\/\/www.linkedin.com\/company\/1887783\",\"https:\/\/vimeo.com\/benuts\"]}]}<\/script>\n<!-- \/ Yoast SEO plugin. -->","yoast_head_json":{"title":"Studio - benuts","description":"Bienvenue chez benuts : soutenir nos artistes \u00e0 d\u00e9velopper leur capacit\u00e9 dans un environnement cr\u00e9atif, pour donner vie \u00e0 chaque projet.","robots":{"index":"index","follow":"follow","max-snippet":"max-snippet:-1","max-image-preview":"max-image-preview:large","max-video-preview":"max-video-preview:-1"},"canonical":"https:\/\/benuts.be\/fr\/studio\/","og_locale":"fr_FR","og_type":"article","og_title":"Studio - benuts","og_description":"Bienvenue chez benuts : soutenir nos artistes \u00e0 d\u00e9velopper leur capacit\u00e9 dans un environnement cr\u00e9atif, pour donner vie \u00e0 chaque projet.","og_url":"https:\/\/benuts.be\/fr\/studio\/","og_site_name":"benuts","article_publisher":"https:\/\/www.facebook.com\/benutsvfx","article_modified_time":"2026-03-02T14:43:03+00:00","twitter_card":"summary_large_image","schema":{"@context":"https:\/\/schema.org","@graph":[{"@type":"WebPage","@id":"https:\/\/benuts.be\/fr\/studio\/","url":"https:\/\/benuts.be\/fr\/studio\/","name":"Studio - benuts","isPartOf":{"@id":"https:\/\/benuts.be\/fr\/#website"},"datePublished":"2023-07-25T13:26:57+00:00","dateModified":"2026-03-02T14:43:03+00:00","description":"Bienvenue chez benuts : soutenir nos artistes \u00e0 d\u00e9velopper leur capacit\u00e9 dans un environnement cr\u00e9atif, pour donner vie \u00e0 chaque projet.","breadcrumb":{"@id":"https:\/\/benuts.be\/fr\/studio\/#breadcrumb"},"inLanguage":"fr-FR","potentialAction":[{"@type":"ReadAction","target":["https:\/\/benuts.be\/fr\/studio\/"]}]},{"@type":"BreadcrumbList","@id":"https:\/\/benuts.be\/fr\/studio\/#breadcrumb","itemListElement":[{"@type":"ListItem","position":1,"name":"Home","item":"https:\/\/benuts.be\/fr\/"},{"@type":"ListItem","position":2,"name":"Studio"}]},{"@type":"WebSite","@id":"https:\/\/benuts.be\/fr\/#website","url":"https:\/\/benuts.be\/fr\/","name":"benuts","description":"we are visual effects","publisher":{"@id":"https:\/\/benuts.be\/fr\/#organization"},"potentialAction":[{"@type":"SearchAction","target":{"@type":"EntryPoint","urlTemplate":"https:\/\/benuts.be\/fr\/?s={search_term_string}"},"query-input":"required name=search_term_string"}],"inLanguage":"fr-FR"},{"@type":"Organization","@id":"https:\/\/benuts.be\/fr\/#organization","name":"benuts","url":"https:\/\/benuts.be\/fr\/","logo":{"@type":"ImageObject","inLanguage":"fr-FR","@id":"https:\/\/benuts.be\/fr\/#\/schema\/logo\/image\/","url":"https:\/\/benuts.be\/app\/uploads\/2024\/05\/2020-logo-benuts-vertical-noir.png","contentUrl":"https:\/\/benuts.be\/app\/uploads\/2024\/05\/2020-logo-benuts-vertical-noir.png","width":250,"height":304,"caption":"benuts"},"image":{"@id":"https:\/\/benuts.be\/fr\/#\/schema\/logo\/image\/"},"sameAs":["https:\/\/www.facebook.com\/benutsvfx","https:\/\/www.instagram.com\/benutsvfx\/","https:\/\/www.linkedin.com\/company\/1887783","https:\/\/vimeo.com\/benuts"]}]}},"_links":{"self":[{"href":"https:\/\/benuts.be\/fr\/wp-json\/wp\/v2\/pages\/2933","targetHints":{"allow":["GET"]}}],"collection":[{"href":"https:\/\/benuts.be\/fr\/wp-json\/wp\/v2\/pages"}],"about":[{"href":"https:\/\/benuts.be\/fr\/wp-json\/wp\/v2\/types\/page"}],"author":[{"embeddable":true,"href":"https:\/\/benuts.be\/fr\/wp-json\/wp\/v2\/users\/2"}],"replies":[{"embeddable":true,"href":"https:\/\/benuts.be\/fr\/wp-json\/wp\/v2\/comments?post=2933"}],"version-history":[{"count":35,"href":"https:\/\/benuts.be\/fr\/wp-json\/wp\/v2\/pages\/2933\/revisions"}],"predecessor-version":[{"id":5785,"href":"https:\/\/benuts.be\/fr\/wp-json\/wp\/v2\/pages\/2933\/revisions\/5785"}],"wp:attachment":[{"href":"https:\/\/benuts.be\/fr\/wp-json\/wp\/v2\/media?parent=2933"}],"curies":[{"name":"wp","href":"https:\/\/api.w.org\/{rel}","templated":true}]}}