{"id":3353,"date":"2024-02-09T10:58:41","date_gmt":"2024-02-09T10:58:41","guid":{"rendered":"https:\/\/benuts.be\/privacy-policy\/"},"modified":"2024-05-22T16:05:07","modified_gmt":"2024-05-22T16:05:07","slug":"privacy-policy","status":"publish","type":"page","link":"https:\/\/benuts.be\/fr\/privacy-policy\/","title":{"rendered":"Politique de confidentialit\u00e9"},"content":{"rendered":"","protected":false},"excerpt":{"rendered":"","protected":false},"author":2,"featured_media":0,"parent":0,"menu_order":0,"comment_status":"closed","ping_status":"closed","template":"template-policy.blade.php","meta":{"inline_featured_image":false,"footnotes":""},"class_list":["post-3353","page","type-page","status-publish","hentry"],"acf":[],"yoast_head":"<!-- This site is optimized with the Yoast SEO plugin v20.13 - https:\/\/yoast.com\/wordpress\/plugins\/seo\/ -->\n<title>Politique de confidentialit\u00e9 - benuts<\/title>\n<meta name=\"description\" content=\"Consultez notre politique de confidentialit\u00e9 pour comprendre comment nous collectons, utilisons et prot\u00e9geons vos donn\u00e9es personnelles.\" \/>\n<meta name=\"robots\" content=\"index, follow, max-snippet:-1, max-image-preview:large, max-video-preview:-1\" \/>\n<link rel=\"canonical\" href=\"https:\/\/benuts.be\/fr\/privacy-policy\/\" \/>\n<meta property=\"og:locale\" content=\"fr_FR\" \/>\n<meta property=\"og:type\" content=\"article\" \/>\n<meta property=\"og:title\" content=\"Politique de confidentialit\u00e9 - benuts\" \/>\n<meta property=\"og:description\" content=\"Consultez notre politique de confidentialit\u00e9 pour comprendre comment nous collectons, utilisons et prot\u00e9geons vos donn\u00e9es personnelles.\" \/>\n<meta property=\"og:url\" content=\"https:\/\/benuts.be\/fr\/privacy-policy\/\" \/>\n<meta property=\"og:site_name\" content=\"benuts\" \/>\n<meta property=\"article:publisher\" content=\"https:\/\/www.facebook.com\/benutsvfx\" \/>\n<meta property=\"article:modified_time\" content=\"2024-05-22T16:05:07+00:00\" \/>\n<meta name=\"twitter:card\" content=\"summary_large_image\" \/>\n<script type=\"application\/ld+json\" class=\"yoast-schema-graph\">{\"@context\":\"https:\/\/schema.org\",\"@graph\":[{\"@type\":\"WebPage\",\"@id\":\"https:\/\/benuts.be\/fr\/privacy-policy\/\",\"url\":\"https:\/\/benuts.be\/fr\/privacy-policy\/\",\"name\":\"Politique de confidentialit\u00e9 - benuts\",\"isPartOf\":{\"@id\":\"https:\/\/benuts.be\/fr\/#website\"},\"datePublished\":\"2024-02-09T10:58:41+00:00\",\"dateModified\":\"2024-05-22T16:05:07+00:00\",\"description\":\"Consultez notre politique de confidentialit\u00e9 pour comprendre comment nous collectons, utilisons et prot\u00e9geons vos donn\u00e9es personnelles.\",\"breadcrumb\":{\"@id\":\"https:\/\/benuts.be\/fr\/privacy-policy\/#breadcrumb\"},\"inLanguage\":\"fr-FR\",\"potentialAction\":[{\"@type\":\"ReadAction\",\"target\":[\"https:\/\/benuts.be\/fr\/privacy-policy\/\"]}]},{\"@type\":\"BreadcrumbList\",\"@id\":\"https:\/\/benuts.be\/fr\/privacy-policy\/#breadcrumb\",\"itemListElement\":[{\"@type\":\"ListItem\",\"position\":1,\"name\":\"Home\",\"item\":\"https:\/\/benuts.be\/fr\/\"},{\"@type\":\"ListItem\",\"position\":2,\"name\":\"Politique de confidentialit\u00e9\"}]},{\"@type\":\"WebSite\",\"@id\":\"https:\/\/benuts.be\/fr\/#website\",\"url\":\"https:\/\/benuts.be\/fr\/\",\"name\":\"benuts\",\"description\":\"we are visual effects\",\"publisher\":{\"@id\":\"https:\/\/benuts.be\/fr\/#organization\"},\"potentialAction\":[{\"@type\":\"SearchAction\",\"target\":{\"@type\":\"EntryPoint\",\"urlTemplate\":\"https:\/\/benuts.be\/fr\/?s={search_term_string}\"},\"query-input\":\"required name=search_term_string\"}],\"inLanguage\":\"fr-FR\"},{\"@type\":\"Organization\",\"@id\":\"https:\/\/benuts.be\/fr\/#organization\",\"name\":\"benuts\",\"url\":\"https:\/\/benuts.be\/fr\/\",\"logo\":{\"@type\":\"ImageObject\",\"inLanguage\":\"fr-FR\",\"@id\":\"https:\/\/benuts.be\/fr\/#\/schema\/logo\/image\/\",\"url\":\"https:\/\/benuts.be\/app\/uploads\/2024\/05\/2020-logo-benuts-vertical-noir.png\",\"contentUrl\":\"https:\/\/benuts.be\/app\/uploads\/2024\/05\/2020-logo-benuts-vertical-noir.png\",\"width\":250,\"height\":304,\"caption\":\"benuts\"},\"image\":{\"@id\":\"https:\/\/benuts.be\/fr\/#\/schema\/logo\/image\/\"},\"sameAs\":[\"https:\/\/www.facebook.com\/benutsvfx\",\"https:\/\/www.instagram.com\/benutsvfx\/\",\"https:\/\/www.linkedin.com\/company\/1887783\",\"https:\/\/vimeo.com\/benuts\"]}]}<\/script>\n<!-- \/ Yoast SEO plugin. -->","yoast_head_json":{"title":"Politique de confidentialit\u00e9 - benuts","description":"Consultez notre politique de confidentialit\u00e9 pour comprendre comment nous collectons, utilisons et prot\u00e9geons vos donn\u00e9es personnelles.","robots":{"index":"index","follow":"follow","max-snippet":"max-snippet:-1","max-image-preview":"max-image-preview:large","max-video-preview":"max-video-preview:-1"},"canonical":"https:\/\/benuts.be\/fr\/privacy-policy\/","og_locale":"fr_FR","og_type":"article","og_title":"Politique de confidentialit\u00e9 - benuts","og_description":"Consultez notre politique de confidentialit\u00e9 pour comprendre comment nous collectons, utilisons et prot\u00e9geons vos donn\u00e9es personnelles.","og_url":"https:\/\/benuts.be\/fr\/privacy-policy\/","og_site_name":"benuts","article_publisher":"https:\/\/www.facebook.com\/benutsvfx","article_modified_time":"2024-05-22T16:05:07+00:00","twitter_card":"summary_large_image","schema":{"@context":"https:\/\/schema.org","@graph":[{"@type":"WebPage","@id":"https:\/\/benuts.be\/fr\/privacy-policy\/","url":"https:\/\/benuts.be\/fr\/privacy-policy\/","name":"Politique de confidentialit\u00e9 - benuts","isPartOf":{"@id":"https:\/\/benuts.be\/fr\/#website"},"datePublished":"2024-02-09T10:58:41+00:00","dateModified":"2024-05-22T16:05:07+00:00","description":"Consultez notre politique de confidentialit\u00e9 pour comprendre comment nous collectons, utilisons et prot\u00e9geons vos donn\u00e9es personnelles.","breadcrumb":{"@id":"https:\/\/benuts.be\/fr\/privacy-policy\/#breadcrumb"},"inLanguage":"fr-FR","potentialAction":[{"@type":"ReadAction","target":["https:\/\/benuts.be\/fr\/privacy-policy\/"]}]},{"@type":"BreadcrumbList","@id":"https:\/\/benuts.be\/fr\/privacy-policy\/#breadcrumb","itemListElement":[{"@type":"ListItem","position":1,"name":"Home","item":"https:\/\/benuts.be\/fr\/"},{"@type":"ListItem","position":2,"name":"Politique de confidentialit\u00e9"}]},{"@type":"WebSite","@id":"https:\/\/benuts.be\/fr\/#website","url":"https:\/\/benuts.be\/fr\/","name":"benuts","description":"we are visual effects","publisher":{"@id":"https:\/\/benuts.be\/fr\/#organization"},"potentialAction":[{"@type":"SearchAction","target":{"@type":"EntryPoint","urlTemplate":"https:\/\/benuts.be\/fr\/?s={search_term_string}"},"query-input":"required name=search_term_string"}],"inLanguage":"fr-FR"},{"@type":"Organization","@id":"https:\/\/benuts.be\/fr\/#organization","name":"benuts","url":"https:\/\/benuts.be\/fr\/","logo":{"@type":"ImageObject","inLanguage":"fr-FR","@id":"https:\/\/benuts.be\/fr\/#\/schema\/logo\/image\/","url":"https:\/\/benuts.be\/app\/uploads\/2024\/05\/2020-logo-benuts-vertical-noir.png","contentUrl":"https:\/\/benuts.be\/app\/uploads\/2024\/05\/2020-logo-benuts-vertical-noir.png","width":250,"height":304,"caption":"benuts"},"image":{"@id":"https:\/\/benuts.be\/fr\/#\/schema\/logo\/image\/"},"sameAs":["https:\/\/www.facebook.com\/benutsvfx","https:\/\/www.instagram.com\/benutsvfx\/","https:\/\/www.linkedin.com\/company\/1887783","https:\/\/vimeo.com\/benuts"]}]}},"_links":{"self":[{"href":"https:\/\/benuts.be\/fr\/wp-json\/wp\/v2\/pages\/3353","targetHints":{"allow":["GET"]}}],"collection":[{"href":"https:\/\/benuts.be\/fr\/wp-json\/wp\/v2\/pages"}],"about":[{"href":"https:\/\/benuts.be\/fr\/wp-json\/wp\/v2\/types\/page"}],"author":[{"embeddable":true,"href":"https:\/\/benuts.be\/fr\/wp-json\/wp\/v2\/users\/2"}],"replies":[{"embeddable":true,"href":"https:\/\/benuts.be\/fr\/wp-json\/wp\/v2\/comments?post=3353"}],"version-history":[{"count":4,"href":"https:\/\/benuts.be\/fr\/wp-json\/wp\/v2\/pages\/3353\/revisions"}],"predecessor-version":[{"id":3463,"href":"https:\/\/benuts.be\/fr\/wp-json\/wp\/v2\/pages\/3353\/revisions\/3463"}],"wp:attachment":[{"href":"https:\/\/benuts.be\/fr\/wp-json\/wp\/v2\/media?parent=3353"}],"curies":[{"name":"wp","href":"https:\/\/api.w.org\/{rel}","templated":true}]}}