{"id":3465,"date":"2024-05-22T09:02:07","date_gmt":"2024-05-22T09:02:07","guid":{"rendered":"https:\/\/benuts.be\/?page_id=3465"},"modified":"2024-06-04T15:03:14","modified_gmt":"2024-06-04T15:03:14","slug":"politique-des-cookies","status":"publish","type":"page","link":"https:\/\/benuts.be\/fr\/politique-des-cookies\/","title":{"rendered":"Politique des cookies"},"content":{"rendered":"","protected":false},"excerpt":{"rendered":"","protected":false},"author":3,"featured_media":0,"parent":0,"menu_order":0,"comment_status":"closed","ping_status":"closed","template":"template-policy.blade.php","meta":{"inline_featured_image":false,"footnotes":""},"class_list":["post-3465","page","type-page","status-publish","hentry"],"acf":[],"yoast_head":"<!-- This site is optimized with the Yoast SEO plugin v20.13 - https:\/\/yoast.com\/wordpress\/plugins\/seo\/ -->\n<title>Politique des cookies - benuts<\/title>\n<meta name=\"description\" content=\"D\u00e9couvrez comment nous utilisons les cookies pour am\u00e9liorer votre exp\u00e9rience sur notre site et comment g\u00e9rer vos pr\u00e9f\u00e9rences.\" \/>\n<meta name=\"robots\" content=\"index, follow, max-snippet:-1, max-image-preview:large, max-video-preview:-1\" \/>\n<link rel=\"canonical\" href=\"https:\/\/benuts.be\/fr\/politique-des-cookies\/\" \/>\n<meta property=\"og:locale\" content=\"fr_FR\" \/>\n<meta property=\"og:type\" content=\"article\" \/>\n<meta property=\"og:title\" content=\"Politique des cookies - benuts\" \/>\n<meta property=\"og:description\" content=\"D\u00e9couvrez comment nous utilisons les cookies pour am\u00e9liorer votre exp\u00e9rience sur notre site et comment g\u00e9rer vos pr\u00e9f\u00e9rences.\" \/>\n<meta property=\"og:url\" content=\"https:\/\/benuts.be\/fr\/politique-des-cookies\/\" \/>\n<meta property=\"og:site_name\" content=\"benuts\" \/>\n<meta property=\"article:publisher\" content=\"https:\/\/www.facebook.com\/benutsvfx\" \/>\n<meta property=\"article:modified_time\" content=\"2024-06-04T15:03:14+00:00\" \/>\n<meta name=\"twitter:card\" content=\"summary_large_image\" \/>\n<script type=\"application\/ld+json\" class=\"yoast-schema-graph\">{\"@context\":\"https:\/\/schema.org\",\"@graph\":[{\"@type\":\"WebPage\",\"@id\":\"https:\/\/benuts.be\/fr\/politique-des-cookies\/\",\"url\":\"https:\/\/benuts.be\/fr\/politique-des-cookies\/\",\"name\":\"Politique des cookies - benuts\",\"isPartOf\":{\"@id\":\"https:\/\/benuts.be\/fr\/#website\"},\"datePublished\":\"2024-05-22T09:02:07+00:00\",\"dateModified\":\"2024-06-04T15:03:14+00:00\",\"description\":\"D\u00e9couvrez comment nous utilisons les cookies pour am\u00e9liorer votre exp\u00e9rience sur notre site et comment g\u00e9rer vos pr\u00e9f\u00e9rences.\",\"breadcrumb\":{\"@id\":\"https:\/\/benuts.be\/fr\/politique-des-cookies\/#breadcrumb\"},\"inLanguage\":\"fr-FR\",\"potentialAction\":[{\"@type\":\"ReadAction\",\"target\":[\"https:\/\/benuts.be\/fr\/politique-des-cookies\/\"]}]},{\"@type\":\"BreadcrumbList\",\"@id\":\"https:\/\/benuts.be\/fr\/politique-des-cookies\/#breadcrumb\",\"itemListElement\":[{\"@type\":\"ListItem\",\"position\":1,\"name\":\"Home\",\"item\":\"https:\/\/benuts.be\/fr\/\"},{\"@type\":\"ListItem\",\"position\":2,\"name\":\"Politique des cookies\"}]},{\"@type\":\"WebSite\",\"@id\":\"https:\/\/benuts.be\/fr\/#website\",\"url\":\"https:\/\/benuts.be\/fr\/\",\"name\":\"benuts\",\"description\":\"we are visual effects\",\"publisher\":{\"@id\":\"https:\/\/benuts.be\/fr\/#organization\"},\"potentialAction\":[{\"@type\":\"SearchAction\",\"target\":{\"@type\":\"EntryPoint\",\"urlTemplate\":\"https:\/\/benuts.be\/fr\/?s={search_term_string}\"},\"query-input\":\"required name=search_term_string\"}],\"inLanguage\":\"fr-FR\"},{\"@type\":\"Organization\",\"@id\":\"https:\/\/benuts.be\/fr\/#organization\",\"name\":\"benuts\",\"url\":\"https:\/\/benuts.be\/fr\/\",\"logo\":{\"@type\":\"ImageObject\",\"inLanguage\":\"fr-FR\",\"@id\":\"https:\/\/benuts.be\/fr\/#\/schema\/logo\/image\/\",\"url\":\"https:\/\/benuts.be\/app\/uploads\/2024\/05\/2020-logo-benuts-vertical-noir.png\",\"contentUrl\":\"https:\/\/benuts.be\/app\/uploads\/2024\/05\/2020-logo-benuts-vertical-noir.png\",\"width\":250,\"height\":304,\"caption\":\"benuts\"},\"image\":{\"@id\":\"https:\/\/benuts.be\/fr\/#\/schema\/logo\/image\/\"},\"sameAs\":[\"https:\/\/www.facebook.com\/benutsvfx\",\"https:\/\/www.instagram.com\/benutsvfx\/\",\"https:\/\/www.linkedin.com\/company\/1887783\",\"https:\/\/vimeo.com\/benuts\"]}]}<\/script>\n<!-- \/ Yoast SEO plugin. -->","yoast_head_json":{"title":"Politique des cookies - benuts","description":"D\u00e9couvrez comment nous utilisons les cookies pour am\u00e9liorer votre exp\u00e9rience sur notre site et comment g\u00e9rer vos pr\u00e9f\u00e9rences.","robots":{"index":"index","follow":"follow","max-snippet":"max-snippet:-1","max-image-preview":"max-image-preview:large","max-video-preview":"max-video-preview:-1"},"canonical":"https:\/\/benuts.be\/fr\/politique-des-cookies\/","og_locale":"fr_FR","og_type":"article","og_title":"Politique des cookies - benuts","og_description":"D\u00e9couvrez comment nous utilisons les cookies pour am\u00e9liorer votre exp\u00e9rience sur notre site et comment g\u00e9rer vos pr\u00e9f\u00e9rences.","og_url":"https:\/\/benuts.be\/fr\/politique-des-cookies\/","og_site_name":"benuts","article_publisher":"https:\/\/www.facebook.com\/benutsvfx","article_modified_time":"2024-06-04T15:03:14+00:00","twitter_card":"summary_large_image","schema":{"@context":"https:\/\/schema.org","@graph":[{"@type":"WebPage","@id":"https:\/\/benuts.be\/fr\/politique-des-cookies\/","url":"https:\/\/benuts.be\/fr\/politique-des-cookies\/","name":"Politique des cookies - benuts","isPartOf":{"@id":"https:\/\/benuts.be\/fr\/#website"},"datePublished":"2024-05-22T09:02:07+00:00","dateModified":"2024-06-04T15:03:14+00:00","description":"D\u00e9couvrez comment nous utilisons les cookies pour am\u00e9liorer votre exp\u00e9rience sur notre site et comment g\u00e9rer vos pr\u00e9f\u00e9rences.","breadcrumb":{"@id":"https:\/\/benuts.be\/fr\/politique-des-cookies\/#breadcrumb"},"inLanguage":"fr-FR","potentialAction":[{"@type":"ReadAction","target":["https:\/\/benuts.be\/fr\/politique-des-cookies\/"]}]},{"@type":"BreadcrumbList","@id":"https:\/\/benuts.be\/fr\/politique-des-cookies\/#breadcrumb","itemListElement":[{"@type":"ListItem","position":1,"name":"Home","item":"https:\/\/benuts.be\/fr\/"},{"@type":"ListItem","position":2,"name":"Politique des cookies"}]},{"@type":"WebSite","@id":"https:\/\/benuts.be\/fr\/#website","url":"https:\/\/benuts.be\/fr\/","name":"benuts","description":"we are visual effects","publisher":{"@id":"https:\/\/benuts.be\/fr\/#organization"},"potentialAction":[{"@type":"SearchAction","target":{"@type":"EntryPoint","urlTemplate":"https:\/\/benuts.be\/fr\/?s={search_term_string}"},"query-input":"required name=search_term_string"}],"inLanguage":"fr-FR"},{"@type":"Organization","@id":"https:\/\/benuts.be\/fr\/#organization","name":"benuts","url":"https:\/\/benuts.be\/fr\/","logo":{"@type":"ImageObject","inLanguage":"fr-FR","@id":"https:\/\/benuts.be\/fr\/#\/schema\/logo\/image\/","url":"https:\/\/benuts.be\/app\/uploads\/2024\/05\/2020-logo-benuts-vertical-noir.png","contentUrl":"https:\/\/benuts.be\/app\/uploads\/2024\/05\/2020-logo-benuts-vertical-noir.png","width":250,"height":304,"caption":"benuts"},"image":{"@id":"https:\/\/benuts.be\/fr\/#\/schema\/logo\/image\/"},"sameAs":["https:\/\/www.facebook.com\/benutsvfx","https:\/\/www.instagram.com\/benutsvfx\/","https:\/\/www.linkedin.com\/company\/1887783","https:\/\/vimeo.com\/benuts"]}]}},"_links":{"self":[{"href":"https:\/\/benuts.be\/fr\/wp-json\/wp\/v2\/pages\/3465","targetHints":{"allow":["GET"]}}],"collection":[{"href":"https:\/\/benuts.be\/fr\/wp-json\/wp\/v2\/pages"}],"about":[{"href":"https:\/\/benuts.be\/fr\/wp-json\/wp\/v2\/types\/page"}],"author":[{"embeddable":true,"href":"https:\/\/benuts.be\/fr\/wp-json\/wp\/v2\/users\/3"}],"replies":[{"embeddable":true,"href":"https:\/\/benuts.be\/fr\/wp-json\/wp\/v2\/comments?post=3465"}],"version-history":[{"count":6,"href":"https:\/\/benuts.be\/fr\/wp-json\/wp\/v2\/pages\/3465\/revisions"}],"predecessor-version":[{"id":3520,"href":"https:\/\/benuts.be\/fr\/wp-json\/wp\/v2\/pages\/3465\/revisions\/3520"}],"wp:attachment":[{"href":"https:\/\/benuts.be\/fr\/wp-json\/wp\/v2\/media?parent=3465"}],"curies":[{"name":"wp","href":"https:\/\/api.w.org\/{rel}","templated":true}]}}